{"id":14277,"date":"2022-10-09T19:11:42","date_gmt":"2022-10-09T17:11:42","guid":{"rendered":"https:\/\/4000arbeitssicherheit.ch\/?page_id=14277"},"modified":"2025-11-21T15:30:12","modified_gmt":"2025-11-21T14:30:12","slug":"cf-meringue","status":"publish","type":"page","link":"https:\/\/4000arbeitssicherheit.ch\/fr\/cf-meringue\/","title":{"rendered":"CF Meringue"},"content":{"rendered":"<div id='grid-top'  class='av-layout-grid-container av-ffc1gr-6a6b245d18f1f919f0d080db8dac139b entry-content-wrapper main_color av-flex-cells av-break-at-tablet  avia-builder-el-0  el_before_av_section  avia-builder-el-first   container_wrap sidebar_right'  >\n\n<style type=\"text\/css\" data-created_by=\"avia_inline_auto\" id=\"style-css-av-6ad6vf-c0c3c5ce8247beea64bd4b37d8c7d4e7\">\n.flex_cell.av-6ad6vf-c0c3c5ce8247beea64bd4b37d8c7d4e7{\nvertical-align:bottom;\n}\n<\/style>\n<div class='flex_cell av-6ad6vf-c0c3c5ce8247beea64bd4b37d8c7d4e7 av-gridrow-cell av_one_full no_margin  avia-builder-el-1  avia-builder-el-no-sibling  grid-top-as content-align-bottom'  ><div class='flex_cell_inner'>\n<style type=\"text\/css\" data-created_by=\"avia_inline_auto\" id=\"style-css-av-l91jy953-89ac00303a2ef04fe6af8d262b404356\">\n#top .av-special-heading.av-l91jy953-89ac00303a2ef04fe6af8d262b404356{\npadding-bottom:0px;\n}\nbody .av-special-heading.av-l91jy953-89ac00303a2ef04fe6af8d262b404356 .av-special-heading-tag .heading-char{\nfont-size:25px;\n}\n.av-special-heading.av-l91jy953-89ac00303a2ef04fe6af8d262b404356 .av-subheading{\nfont-size:15px;\n}\n<\/style>\n<div  class='av-special-heading av-l91jy953-89ac00303a2ef04fe6af8d262b404356 av-special-heading-h1 blockquote modern-quote  avia-builder-el-2  avia-builder-el-no-sibling '><h1 class='av-special-heading-tag '  itemprop=\"headline\"  >CF Meiringen<\/h1><div class=\"special-heading-border\"><div class=\"special-heading-inner-border\"><\/div><\/div><\/div>\n<\/div><\/div>\n<\/div>\n<div id='id-farbsektion'  class='avia-section av-4ou2or-94a06205a1e8f50a9bab897c5720235d main_color avia-section-default avia-no-border-styling  avia-builder-el-3  el_after_av_layout_row  el_before_av_section  avia-bg-style-scroll container_wrap sidebar_right'  ><div class='container av-section-cont-open' ><div class='template-page content  av-content-small alpha units'><div class='post-entry post-entry-type-page post-entry-14277'><div class='entry-content-wrapper clearfix'>\n<div  class='flex_column av-32eldn-41e074fb019b7b9012dff0db6f0c54de av_one_full  avia-builder-el-4  el_before_av_one_half  avia-builder-el-first  first flex_column_div  '     ><style type=\"text\/css\" data-created_by=\"avia_inline_auto\" id=\"style-css-av-l91jyqe1-5a64d3c3baaddabc85f37d754dab7c4a\">\n#top .av-special-heading.av-l91jyqe1-5a64d3c3baaddabc85f37d754dab7c4a{\nmargin:0 0 -20px 0;\npadding-bottom:10px;\n}\nbody .av-special-heading.av-l91jyqe1-5a64d3c3baaddabc85f37d754dab7c4a .av-special-heading-tag .heading-char{\nfont-size:25px;\n}\n.av-special-heading.av-l91jyqe1-5a64d3c3baaddabc85f37d754dab7c4a .av-subheading{\nfont-size:15px;\n}\n<\/style>\n<div  class='av-special-heading av-l91jyqe1-5a64d3c3baaddabc85f37d754dab7c4a av-special-heading-h2 blockquote modern-quote  avia-builder-el-5  avia-builder-el-no-sibling '><h2 class='av-special-heading-tag '  itemprop=\"headline\"  >Adresse et acc\u00e8s<\/h2><div class=\"special-heading-border\"><div class=\"special-heading-inner-border\"><\/div><\/div><\/div><\/div><div class='flex_column_table av-4l8eep-ce11cf9cc709b0a424cbca0e334d228f sc-av_one_half av-break-at-tablet-flextable av-equal-height-column-flextable'>\n<style type=\"text\/css\" data-created_by=\"avia_inline_auto\" id=\"style-css-av-4l8eep-ce11cf9cc709b0a424cbca0e334d228f\">\n.flex_column.av-4l8eep-ce11cf9cc709b0a424cbca0e334d228f{\nborder-radius:0px 0px 0px 0px;\npadding:0px 0px 0px 0px;\n}\n<\/style>\n<div  class='flex_column av-4l8eep-ce11cf9cc709b0a424cbca0e334d228f av_one_half  avia-builder-el-6  el_after_av_one_full  el_before_av_one_half  first av-break-at-tablet flex_column_table_cell av-equal-height-column av-align-top av-zero-column-padding  column-top-margin'     ><p><section  class='av_textblock_section av-js1w2ow7-46720bd2bb3cbc57380c5505f810857a '   itemscope=\"itemscope\" itemtype=\"https:\/\/schema.org\/CreativeWork\" ><div class='avia_textblock'  itemprop=\"text\" ><p><strong>CF Meiringen<\/strong><br \/>\nCentre de formation des remont\u00e9es m\u00e9caniques suisses<br \/>\nZeughausstrasse 19<br \/>\n3860 Meiringen<\/p>\n<\/div><\/section><br \/>\n<div  class='togglecontainer av-jt3j5k7m-9dba3d3b7808effe81776aa4f17b32f0  avia-builder-el-8  el_after_av_textblock  avia-builder-el-last  toggle_close_all' >\n<section class='av_toggle_section av-4ip3fv-bb19b91c7f2902f62add87299ba579e1'  itemscope=\"itemscope\" itemtype=\"https:\/\/schema.org\/CreativeWork\" ><div role=\"tablist\" class=\"single_toggle\" data-tags=\"{Tout} \"  ><p id='toggle-toggle-id-1' data-fake-id='#toggle-id-1' class='toggler  av-title-above '  itemprop=\"headline\"  role='tab' tabindex='0' aria-controls='toggle-id-1' data-slide-speed=\"200\" data-title=\"Comment nous trouver...\" data-title-open=\"\" data-aria_collapsed=\"Cliquez pour \u00e9tendre : Comment nous trouver...\" data-aria_expanded=\"Cliquez pour r\u00e9duire : Comment nous trouver...\">Comment nous trouver...<span class=\"toggle_icon\"><span class=\"vert_icon\"><\/span><span class=\"hor_icon\"><\/span><\/span><\/p><div id='toggle-id-1' aria-labelledby='toggle-toggle-id-1' role='region' class='toggle_wrap  av-title-above'  ><div class='toggle_content invers-color '  itemprop=\"text\" ><p><a href=\"https:\/\/4000arbeitssicherheit.ch\/wp-content\/uploads\/az_meiringen_lage_anreise_2019_02_15_fr.pdf\" target=\"_blank\" rel=\"noopener\">\u00bb T\u00e9l\u00e9charger le plan de situation<\/a><\/p>\n<p><a href=\"https:\/\/www.google.com\/maps\/dir\/\/Zeughausstrasse+19,+3860+Meiringen\/@46.7333171,7.6171869,9z\/data=!4m9!4m8!1m0!1m5!1m1!1s0x478f8e316facc723:0x9fa5b58d4097e94!2m2!1d8.1775196!2d46.7328613!3e0\" target=\"_blank\" rel=\"noopener\">\u00bb Planificateur d&rsquo;itin\u00e9raire<\/a><\/p>\n<p><strong>Parking<\/strong><br \/>\nsur site<\/p>\n<\/div><\/div><\/div><\/section>\n<\/div><\/p><\/div><div class='av-flex-placeholder'><\/div><div  class='flex_column av-m42zz9-ff88fa4568faddc3ea153d86ea23105d av_one_half  avia-builder-el-9  el_after_av_one_half  avia-builder-el-last  av-break-at-tablet flex_column_table_cell av-equal-height-column av-align-top  column-top-margin'     ><\/div><\/div><!--close column table wrapper. Autoclose: 1 --><\/div><\/div><\/div><!-- close content main div --><\/div><\/div><div id='av_section_2'  class='avia-section av-l91kbhm0-19a1838537dd79d1638ec677a765cb05 alternate_color avia-section-default avia-no-border-styling  avia-builder-el-10  el_after_av_section  avia-builder-el-last  avia-bg-style-scroll container_wrap sidebar_right'  ><div class='container av-section-cont-open' ><div class='template-page content  av-content-small alpha units'><div class='post-entry post-entry-type-page post-entry-14277'><div class='entry-content-wrapper clearfix'>\n\n<style type=\"text\/css\" data-created_by=\"avia_inline_auto\" id=\"style-css-av-4bwyuz-0dd1e26393b3c906060b2a60776c133e\">\n.flex_column.av-4bwyuz-0dd1e26393b3c906060b2a60776c133e{\npadding:5px 0px 5px 0px;\n}\n<\/style>\n<div  class='flex_column av-4bwyuz-0dd1e26393b3c906060b2a60776c133e av_one_half  avia-builder-el-11  el_before_av_one_half  avia-builder-el-first  first av-break-at-tablet flex_column_div  '     ><div  class='av_gmaps_sc_main_wrap av_gmaps_main_wrap '><div id='av_gmap_0' class='avia-google-map-container avia-google-map-sc av_gmaps_show_unconditionally av-no-fallback-img ' data-mapid='av_gmap_0'  style='padding-bottom: 65%;'><a class=\"av_gmaps_browser_disabled av_text_confirm_link av_text_confirm_link_visible\" href=\"https:\/\/www.google.com\/maps\/search\/?api=1&#038;query=Zeughausstrasse%2019%203860%20Meiringen%20Bern%20Schweiz\" target=\"_blank\">Les cartes ont \u00e9t\u00e9 d\u00e9sactiv\u00e9es par le visiteur sur ce site. Cliquer pour ouvrir la carte dans une nouvelle fen\u00eatre.<\/a><\/div><\/div><\/div>\n<style type=\"text\/css\" data-created_by=\"avia_inline_auto\" id=\"style-css-av-2okozv-ed644af83350086484954d37e3bfbdb5\">\n.flex_column.av-2okozv-ed644af83350086484954d37e3bfbdb5{\npadding:5px 0px 5px 0px;\n}\n<\/style>\n<div  class='flex_column av-2okozv-ed644af83350086484954d37e3bfbdb5 av_one_half  avia-builder-el-13  el_after_av_one_half  avia-builder-el-last  av-break-at-tablet flex_column_div  '     ><style type=\"text\/css\" data-created_by=\"avia_inline_auto\" id=\"style-css-av-l91kb9hl-aaf323304926d47510fffbb0845e551c\">\n.avia-image-container.av-l91kb9hl-aaf323304926d47510fffbb0845e551c img.avia_image{\nbox-shadow:none;\n}\n.avia-image-container.av-l91kb9hl-aaf323304926d47510fffbb0845e551c .av-image-caption-overlay-center{\ncolor:#ffffff;\n}\n<\/style>\n<div  class='avia-image-container av-l91kb9hl-aaf323304926d47510fffbb0845e551c av-styling- avia-align-center  avia-builder-el-14  avia-builder-el-no-sibling '   itemprop=\"image\" itemscope=\"itemscope\" itemtype=\"https:\/\/schema.org\/ImageObject\" ><div class=\"avia-image-container-inner\"><div class=\"avia-image-overlay-wrap\"><img decoding=\"async\" fetchpriority=\"high\" class='wp-image-12346 avia-img-lazy-loading-not-12346 avia_image ' src=\"https:\/\/4000arbeitssicherheit.ch\/wp-content\/uploads\/az-meiringen-01.jpg\" alt='' title='az-meiringen-01'  height=\"650\" width=\"1000\"  itemprop=\"thumbnailUrl\" srcset=\"https:\/\/4000arbeitssicherheit.ch\/wp-content\/uploads\/az-meiringen-01.jpg 1000w, https:\/\/4000arbeitssicherheit.ch\/wp-content\/uploads\/az-meiringen-01-300x195.jpg 300w, https:\/\/4000arbeitssicherheit.ch\/wp-content\/uploads\/az-meiringen-01-768x499.jpg 768w, https:\/\/4000arbeitssicherheit.ch\/wp-content\/uploads\/az-meiringen-01-705x458.jpg 705w\" sizes=\"(max-width: 1000px) 100vw, 1000px\" \/><\/div><\/div><\/div><\/div>\n<\/div><\/div><\/div><!-- close content main div --><\/div><\/div><div id='after_section_2'  class='main_color av_default_container_wrap container_wrap sidebar_right'  ><div class='container av-section-cont-open' ><div class='template-page content  av-content-small alpha units'><div class='post-entry post-entry-type-page post-entry-14277'><div class='entry-content-wrapper clearfix'><\/p>\n","protected":false},"excerpt":{"rendered":"","protected":false},"author":16,"featured_media":0,"parent":0,"menu_order":26,"comment_status":"closed","ping_status":"closed","template":"","meta":{"footnotes":"","_links_to":"","_links_to_target":""},"class_list":["post-14277","page","type-page","status-publish","hentry"],"yoast_head":"<!-- This site is optimized with the Yoast SEO plugin v27.4 - https:\/\/yoast.com\/product\/yoast-seo-wordpress\/ -->\n<title>CF Meringue - D\u00e8partement s\u00e9curit au travail SBV-ASGM<\/title>\n<meta name=\"robots\" content=\"index, follow, max-snippet:-1, max-image-preview:large, max-video-preview:-1\" \/>\n<link rel=\"canonical\" href=\"https:\/\/4000arbeitssicherheit.ch\/fr\/cf-meringue\/\" \/>\n<meta property=\"og:locale\" content=\"fr_FR\" \/>\n<meta property=\"og:type\" content=\"article\" \/>\n<meta property=\"og:title\" content=\"CF Meringue - D\u00e8partement s\u00e9curit au travail SBV-ASGM\" \/>\n<meta property=\"og:url\" content=\"https:\/\/4000arbeitssicherheit.ch\/fr\/cf-meringue\/\" \/>\n<meta property=\"og:site_name\" content=\"D\u00e8partement s\u00e9curit au travail SBV-ASGM\" \/>\n<meta property=\"article:modified_time\" content=\"2025-11-21T14:30:12+00:00\" \/>\n<meta name=\"twitter:card\" content=\"summary_large_image\" \/>\n<meta name=\"twitter:label1\" content=\"Dur\u00e9e de lecture estim\u00e9e\" \/>\n\t<meta name=\"twitter:data1\" content=\"1 minute\" \/>\n<script type=\"application\/ld+json\" class=\"yoast-schema-graph\">{\"@context\":\"https:\\\/\\\/schema.org\",\"@graph\":[{\"@type\":\"WebPage\",\"@id\":\"https:\\\/\\\/4000arbeitssicherheit.ch\\\/fr\\\/cf-meringue\\\/\",\"url\":\"https:\\\/\\\/4000arbeitssicherheit.ch\\\/fr\\\/cf-meringue\\\/\",\"name\":\"CF Meringue - D\u00e8partement s\u00e9curit au travail SBV-ASGM\",\"isPartOf\":{\"@id\":\"https:\\\/\\\/4000arbeitssicherheit.ch\\\/#website\"},\"datePublished\":\"2022-10-09T17:11:42+00:00\",\"dateModified\":\"2025-11-21T14:30:12+00:00\",\"breadcrumb\":{\"@id\":\"https:\\\/\\\/4000arbeitssicherheit.ch\\\/fr\\\/cf-meringue\\\/#breadcrumb\"},\"inLanguage\":\"fr-FR\",\"potentialAction\":[{\"@type\":\"ReadAction\",\"target\":[\"https:\\\/\\\/4000arbeitssicherheit.ch\\\/fr\\\/cf-meringue\\\/\"]}]},{\"@type\":\"BreadcrumbList\",\"@id\":\"https:\\\/\\\/4000arbeitssicherheit.ch\\\/fr\\\/cf-meringue\\\/#breadcrumb\",\"itemListElement\":[{\"@type\":\"ListItem\",\"position\":1,\"name\":\"Startseite\",\"item\":\"https:\\\/\\\/4000arbeitssicherheit.ch\\\/fr\\\/\"},{\"@type\":\"ListItem\",\"position\":2,\"name\":\"CF Meringue\"}]},{\"@type\":\"WebSite\",\"@id\":\"https:\\\/\\\/4000arbeitssicherheit.ch\\\/#website\",\"url\":\"https:\\\/\\\/4000arbeitssicherheit.ch\\\/\",\"name\":\"D\u00e8partement s\u00e9curit au travail SBV-ASGM\",\"description\":\"Travaux sur cordes\",\"publisher\":{\"@id\":\"https:\\\/\\\/4000arbeitssicherheit.ch\\\/#organization\"},\"potentialAction\":[{\"@type\":\"SearchAction\",\"target\":{\"@type\":\"EntryPoint\",\"urlTemplate\":\"https:\\\/\\\/4000arbeitssicherheit.ch\\\/?s={search_term_string}\"},\"query-input\":{\"@type\":\"PropertyValueSpecification\",\"valueRequired\":true,\"valueName\":\"search_term_string\"}}],\"inLanguage\":\"fr-FR\"},{\"@type\":\"Organization\",\"@id\":\"https:\\\/\\\/4000arbeitssicherheit.ch\\\/#organization\",\"name\":\"Abteilung Arbeitssicherheit SBV\",\"url\":\"https:\\\/\\\/4000arbeitssicherheit.ch\\\/\",\"logo\":{\"@type\":\"ImageObject\",\"inLanguage\":\"fr-FR\",\"@id\":\"https:\\\/\\\/4000arbeitssicherheit.ch\\\/#\\\/schema\\\/logo\\\/image\\\/\",\"url\":\"https:\\\/\\\/4000arbeitssicherheit.ch\\\/wp-content\\\/uploads\\\/logo-sbv-asgm-arbeitssicherheit-360x114-impressum.png\",\"contentUrl\":\"https:\\\/\\\/4000arbeitssicherheit.ch\\\/wp-content\\\/uploads\\\/logo-sbv-asgm-arbeitssicherheit-360x114-impressum.png\",\"width\":360,\"height\":114,\"caption\":\"Abteilung Arbeitssicherheit SBV\"},\"image\":{\"@id\":\"https:\\\/\\\/4000arbeitssicherheit.ch\\\/#\\\/schema\\\/logo\\\/image\\\/\"}}]}<\/script>\n<!-- \/ Yoast SEO plugin. -->","yoast_head_json":{"title":"CF Meringue - D\u00e8partement s\u00e9curit au travail SBV-ASGM","robots":{"index":"index","follow":"follow","max-snippet":"max-snippet:-1","max-image-preview":"max-image-preview:large","max-video-preview":"max-video-preview:-1"},"canonical":"https:\/\/4000arbeitssicherheit.ch\/fr\/cf-meringue\/","og_locale":"fr_FR","og_type":"article","og_title":"CF Meringue - D\u00e8partement s\u00e9curit au travail SBV-ASGM","og_url":"https:\/\/4000arbeitssicherheit.ch\/fr\/cf-meringue\/","og_site_name":"D\u00e8partement s\u00e9curit au travail SBV-ASGM","article_modified_time":"2025-11-21T14:30:12+00:00","twitter_card":"summary_large_image","twitter_misc":{"Dur\u00e9e de lecture estim\u00e9e":"1 minute"},"schema":{"@context":"https:\/\/schema.org","@graph":[{"@type":"WebPage","@id":"https:\/\/4000arbeitssicherheit.ch\/fr\/cf-meringue\/","url":"https:\/\/4000arbeitssicherheit.ch\/fr\/cf-meringue\/","name":"CF Meringue - D\u00e8partement s\u00e9curit au travail SBV-ASGM","isPartOf":{"@id":"https:\/\/4000arbeitssicherheit.ch\/#website"},"datePublished":"2022-10-09T17:11:42+00:00","dateModified":"2025-11-21T14:30:12+00:00","breadcrumb":{"@id":"https:\/\/4000arbeitssicherheit.ch\/fr\/cf-meringue\/#breadcrumb"},"inLanguage":"fr-FR","potentialAction":[{"@type":"ReadAction","target":["https:\/\/4000arbeitssicherheit.ch\/fr\/cf-meringue\/"]}]},{"@type":"BreadcrumbList","@id":"https:\/\/4000arbeitssicherheit.ch\/fr\/cf-meringue\/#breadcrumb","itemListElement":[{"@type":"ListItem","position":1,"name":"Startseite","item":"https:\/\/4000arbeitssicherheit.ch\/fr\/"},{"@type":"ListItem","position":2,"name":"CF Meringue"}]},{"@type":"WebSite","@id":"https:\/\/4000arbeitssicherheit.ch\/#website","url":"https:\/\/4000arbeitssicherheit.ch\/","name":"D\u00e8partement s\u00e9curit au travail SBV-ASGM","description":"Travaux sur cordes","publisher":{"@id":"https:\/\/4000arbeitssicherheit.ch\/#organization"},"potentialAction":[{"@type":"SearchAction","target":{"@type":"EntryPoint","urlTemplate":"https:\/\/4000arbeitssicherheit.ch\/?s={search_term_string}"},"query-input":{"@type":"PropertyValueSpecification","valueRequired":true,"valueName":"search_term_string"}}],"inLanguage":"fr-FR"},{"@type":"Organization","@id":"https:\/\/4000arbeitssicherheit.ch\/#organization","name":"Abteilung Arbeitssicherheit SBV","url":"https:\/\/4000arbeitssicherheit.ch\/","logo":{"@type":"ImageObject","inLanguage":"fr-FR","@id":"https:\/\/4000arbeitssicherheit.ch\/#\/schema\/logo\/image\/","url":"https:\/\/4000arbeitssicherheit.ch\/wp-content\/uploads\/logo-sbv-asgm-arbeitssicherheit-360x114-impressum.png","contentUrl":"https:\/\/4000arbeitssicherheit.ch\/wp-content\/uploads\/logo-sbv-asgm-arbeitssicherheit-360x114-impressum.png","width":360,"height":114,"caption":"Abteilung Arbeitssicherheit SBV"},"image":{"@id":"https:\/\/4000arbeitssicherheit.ch\/#\/schema\/logo\/image\/"}}]}},"publishpress_future_action":{"enabled":false,"date":"2026-04-24 16:22:34","action":"change-status","newStatus":"draft","terms":[],"taxonomy":"translation_priority","extraData":[]},"publishpress_future_workflow_manual_trigger":{"enabledWorkflows":[]},"_links":{"self":[{"href":"https:\/\/4000arbeitssicherheit.ch\/fr\/wp-json\/wp\/v2\/pages\/14277","targetHints":{"allow":["GET"]}}],"collection":[{"href":"https:\/\/4000arbeitssicherheit.ch\/fr\/wp-json\/wp\/v2\/pages"}],"about":[{"href":"https:\/\/4000arbeitssicherheit.ch\/fr\/wp-json\/wp\/v2\/types\/page"}],"author":[{"embeddable":true,"href":"https:\/\/4000arbeitssicherheit.ch\/fr\/wp-json\/wp\/v2\/users\/16"}],"replies":[{"embeddable":true,"href":"https:\/\/4000arbeitssicherheit.ch\/fr\/wp-json\/wp\/v2\/comments?post=14277"}],"version-history":[{"count":9,"href":"https:\/\/4000arbeitssicherheit.ch\/fr\/wp-json\/wp\/v2\/pages\/14277\/revisions"}],"predecessor-version":[{"id":17094,"href":"https:\/\/4000arbeitssicherheit.ch\/fr\/wp-json\/wp\/v2\/pages\/14277\/revisions\/17094"}],"wp:attachment":[{"href":"https:\/\/4000arbeitssicherheit.ch\/fr\/wp-json\/wp\/v2\/media?parent=14277"}],"curies":[{"name":"wp","href":"https:\/\/api.w.org\/{rel}","templated":true}]}}